{"id":187,"date":"2025-03-10T11:01:39","date_gmt":"2025-03-10T10:01:39","guid":{"rendered":"https:\/\/nolamassage.fr\/?page_id=187"},"modified":"2025-06-26T11:14:41","modified_gmt":"2025-06-26T09:14:41","slug":"a-propos-2","status":"publish","type":"page","link":"https:\/\/nolamassage.fr\/index.php\/a-propos-2\/","title":{"rendered":"\u00c0 propos"},"content":{"rendered":"<p>[et_pb_section fb_built=&#8221;1&#8243; admin_label=&#8221;Header&#8221; _builder_version=&#8221;4.27.4&#8243; _module_preset=&#8221;default&#8221; background_enable_color=&#8221;off&#8221; use_background_color_gradient=&#8221;on&#8221; background_color_gradient_stops=&#8221;rgba(108,197,175,0.73) 25%|rgba(46,91,97,0) 100%&#8221; background_color_gradient_overlays_image=&#8221;on&#8221; background_image=&#8221;http:\/\/nolamassage.fr\/wp-content\/uploads\/2025\/05\/portrait3_1-scaled.jpg&#8221; parallax=&#8221;on&#8221; custom_padding=&#8221;||28vw||false|false&#8221; bottom_divider_style=&#8221;curve&#8221; bottom_divider_color=&#8221;#f9f6f2&#8243; bottom_divider_height=&#8221;8vw&#8221; bottom_divider_flip=&#8221;vertical&#8221; bottom_divider_arrangement=&#8221;above_content&#8221; collapsed=&#8221;on&#8221; global_colors_info=&#8221;{}&#8221;][et_pb_row _builder_version=&#8221;4.17.3&#8243; _module_preset=&#8221;default&#8221; z_index=&#8221;10&#8243; global_colors_info=&#8221;{}&#8221;][et_pb_column type=&#8221;4_4&#8243; _builder_version=&#8221;4.17.1&#8243; _module_preset=&#8221;default&#8221; global_colors_info=&#8221;{}&#8221;][et_pb_text _builder_version=&#8221;4.27.4&#8243; _module_preset=&#8221;c16985e1-e0d6-4022-964d-e2bfc04fa633&#8243; header_font=&#8221;Playfair Display|700|||||||&#8221; header_text_color=&#8221;#E1ECEA&#8221; header_font_size=&#8221;90px&#8221; header_line_height=&#8221;1.1em&#8221; text_orientation=&#8221;center&#8221; width_tablet=&#8221;&#8221; width_phone=&#8221;&#8221; width_last_edited=&#8221;on|desktop&#8221; module_alignment=&#8221;center&#8221; custom_margin=&#8221;||0px||false|false&#8221; header_font_size_tablet=&#8221;40px&#8221; header_font_size_phone=&#8221;24px&#8221; header_font_size_last_edited=&#8221;on|desktop&#8221; global_colors_info=&#8221;{}&#8221;]<\/p>\n<h1>Qui suis je ?<\/h1>\n<p>[\/et_pb_text][et_pb_button button_url=&#8221;@ET-DC@eyJkeW5hbWljIjp0cnVlLCJjb250ZW50IjoicG9zdF9saW5rX3VybF9wYWdlIiwic2V0dGluZ3MiOnsicG9zdF9pZCI6IjQ3In19@&#8221; button_text=&#8221;Contact&#8221; button_alignment=&#8221;center&#8221; _builder_version=&#8221;4.27.4&#8243; _dynamic_attributes=&#8221;button_url&#8221; _module_preset=&#8221;f489fdc3-bf1e-40c7-852b-c42851d4acb9&#8243; custom_button=&#8221;on&#8221; button_text_size=&#8221;14px&#8221; button_text_color=&#8221;#2E5B61&#8243; button_bg_color=&#8221;#FFFFFF&#8221; button_border_width=&#8221;0px&#8221; button_border_radius=&#8221;50px&#8221; button_font=&#8221;Playfair Display|600|||||||&#8221; custom_padding=&#8221;20px|40px|20px|40px|true|true&#8221; global_colors_info=&#8221;{}&#8221;][\/et_pb_button][\/et_pb_column][\/et_pb_row][\/et_pb_section][et_pb_section fb_built=&#8221;1&#8243; admin_label=&#8221;About&#8221; _builder_version=&#8221;4.27.4&#8243; _module_preset=&#8221;default&#8221; use_background_color_gradient=&#8221;on&#8221; background_color_gradient_stops=&#8221;#f9f6f2 0%|rgba(229,232,240,0) 100%&#8221; background_enable_image=&#8221;off&#8221; background_size=&#8221;initial&#8221; background_position=&#8221;center_right&#8221; custom_padding=&#8221;||10vw||false|false&#8221; collapsed=&#8221;on&#8221; global_colors_info=&#8221;{}&#8221;][et_pb_row column_structure=&#8221;1_2,1_2&#8243; _builder_version=&#8221;4.17.1&#8243; _module_preset=&#8221;default&#8221; global_colors_info=&#8221;{}&#8221;][et_pb_column type=&#8221;1_2&#8243; _builder_version=&#8221;4.17.1&#8243; _module_preset=&#8221;default&#8221; global_colors_info=&#8221;{}&#8221;][et_pb_text _builder_version=&#8221;4.27.4&#8243; _module_preset=&#8221;b327cbe4-b1d5-4b66-ad37-40c8f2f061ba&#8221; header_2_font=&#8221;Playfair Display|700|||||||&#8221; header_2_text_color=&#8221;#6cc5af&#8221; header_2_font_size=&#8221;60px&#8221; header_2_line_height=&#8221;1.2em&#8221; custom_margin=&#8221;||0px||false|false&#8221; header_2_font_size_tablet=&#8221;32px&#8221; header_2_font_size_phone=&#8221;26px&#8221; header_2_font_size_last_edited=&#8221;on|tablet&#8221; global_colors_info=&#8221;{}&#8221;]<\/p>\n<h2>Je suis accompagnante psycho-corporelle<\/h2>\n<p>[\/et_pb_text][et_pb_divider show_divider=&#8221;off&#8221; _builder_version=&#8221;4.25.1&#8243; _module_preset=&#8221;default&#8221; background_color=&#8221;#f4c7c3&#8243; positioning=&#8221;absolute&#8221; width=&#8221;8vw&#8221; height=&#8221;8vw&#8221; custom_margin=&#8221;|||-10vw|false|false&#8221; border_radii=&#8221;off|||150px|&#8221; locked=&#8221;off&#8221; global_colors_info=&#8221;{}&#8221;][\/et_pb_divider][\/et_pb_column][et_pb_column type=&#8221;1_2&#8243; _builder_version=&#8221;4.17.1&#8243; _module_preset=&#8221;default&#8221; global_colors_info=&#8221;{}&#8221;][et_pb_text _builder_version=&#8221;4.27.4&#8243; _module_preset=&#8221;1f09816e-184e-4ce5-a4cf-b39c52c423ca&#8221; text_font=&#8221;Playfair Display||||||||&#8221; text_text_color=&#8221;#868988&#8243; text_font_size=&#8221;18px&#8221; text_line_height=&#8221;1.8em&#8221; text_font_size_tablet=&#8221;16px&#8221; text_font_size_phone=&#8221;14px&#8221; text_font_size_last_edited=&#8221;on|tablet&#8221; header_font_size_tablet=&#8221;55px&#8221; header_font_size_last_edited=&#8221;off|desktop&#8221; global_colors_info=&#8221;{}&#8221;]<\/p>\n<p>Maman d&#8217;un petit gar\u00e7on de 2 ans, je suis accompagnante psycho-corporelle , sp\u00e9cialis\u00e9e en massage et sant\u00e9 . Depuis toujours, le mouvement est au c\u0153ur de ma vie. Danseuse depuis mon plus jeune \u00e2ge , il est mon ancrage, ma raison d&#8217;\u00eatre. Ce qui me porte avant tout, c&#8217;est le d\u00e9sir d&#8217;apporter du bien-\u00eatre, que ce soit par la danse, le toucher ou la cuisine.<\/p>\n<p>[\/et_pb_text][\/et_pb_column][\/et_pb_row][et_pb_row column_structure=&#8221;1_4,1_2,1_4&#8243; _builder_version=&#8221;4.17.3&#8243; _module_preset=&#8221;default&#8221; global_colors_info=&#8221;{}&#8221;][et_pb_column type=&#8221;1_4&#8243; _builder_version=&#8221;4.17.1&#8243; _module_preset=&#8221;default&#8221; global_colors_info=&#8221;{}&#8221;][et_pb_image src=&#8221;http:\/\/nolamassage.fr\/wp-content\/uploads\/2025\/03\/LOGO_NOE_VERT.png&#8221; title_text=&#8221;LOGO_NOE_VERT&#8221; _builder_version=&#8221;4.27.4&#8243; _module_preset=&#8221;default&#8221; animation_style=&#8221;zoom&#8221; global_colors_info=&#8221;{}&#8221;][\/et_pb_image][\/et_pb_column][et_pb_column type=&#8221;1_2&#8243; _builder_version=&#8221;4.17.3&#8243; _module_preset=&#8221;default&#8221; custom_padding=&#8221;100px||||false|false&#8221; custom_padding_tablet=&#8221;0px||||false|false&#8221; custom_padding_phone=&#8221;0px||||false|false&#8221; custom_padding_last_edited=&#8221;on|tablet&#8221; global_colors_info=&#8221;{}&#8221;][et_pb_divider show_divider=&#8221;off&#8221; _builder_version=&#8221;4.27.4&#8243; _module_preset=&#8221;default&#8221; background_color=&#8221;#6cc5af&#8221; positioning=&#8221;absolute&#8221; position_origin_a=&#8221;bottom_left&#8221; width=&#8221;12vw&#8221; width_tablet=&#8221;20vw&#8221; width_phone=&#8221;20vw&#8221; width_last_edited=&#8221;on|tablet&#8221; height=&#8221;12vw&#8221; height_tablet=&#8221;20vw&#8221; height_phone=&#8221;20vw&#8221; height_last_edited=&#8221;on|tablet&#8221; border_radii=&#8221;on|400px|400px|400px|400px&#8221; global_colors_info=&#8221;{}&#8221;][\/et_pb_divider][et_pb_image src=&#8221;http:\/\/nolamassage.fr\/wp-content\/uploads\/2025\/05\/portrait6-scaled.jpg&#8221; title_text=&#8221;portrait6&#8243; _builder_version=&#8221;4.27.4&#8243; _module_preset=&#8221;default&#8221; custom_margin=&#8221;||15%|15%|false|false&#8221; border_radii=&#8221;off||300px||&#8221; global_colors_info=&#8221;{}&#8221;][\/et_pb_image][\/et_pb_column][et_pb_column type=&#8221;1_4&#8243; _builder_version=&#8221;4.17.3&#8243; _module_preset=&#8221;default&#8221; custom_padding=&#8221;100px||||false|false&#8221; custom_padding_tablet=&#8221;0px||||false|false&#8221; custom_padding_phone=&#8221;0px||||false|false&#8221; custom_padding_last_edited=&#8221;on|tablet&#8221; global_colors_info=&#8221;{}&#8221;][et_pb_image src=&#8221;http:\/\/nolamassage.fr\/wp-content\/uploads\/2025\/03\/LOGO_NOE_VERT.png&#8221; title_text=&#8221;LOGO_NOE_VERT&#8221; _builder_version=&#8221;4.27.4&#8243; _module_preset=&#8221;default&#8221; animation_style=&#8221;zoom&#8221; scroll_vertical_motion_enable=&#8221;on&#8221; global_colors_info=&#8221;{}&#8221;][\/et_pb_image][\/et_pb_column][\/et_pb_row][\/et_pb_section][et_pb_section fb_built=&#8221;1&#8243; admin_label=&#8221;Approach&#8221; _builder_version=&#8221;4.27.4&#8243; _module_preset=&#8221;default&#8221; background_color=&#8221;#82bdad&#8221; collapsed=&#8221;on&#8221; global_colors_info=&#8221;{}&#8221;][et_pb_row _builder_version=&#8221;4.17.1&#8243; _module_preset=&#8221;default&#8221; global_colors_info=&#8221;{}&#8221;][et_pb_column type=&#8221;4_4&#8243; _builder_version=&#8221;4.17.1&#8243; _module_preset=&#8221;default&#8221; global_colors_info=&#8221;{}&#8221;][et_pb_text _builder_version=&#8221;4.27.4&#8243; _module_preset=&#8221;b327cbe4-b1d5-4b66-ad37-40c8f2f061ba&#8221; header_2_font=&#8221;Playfair Display|700|||||||&#8221; header_2_text_color=&#8221;#f9f6f2&#8243; header_2_font_size=&#8221;60px&#8221; header_2_line_height=&#8221;1.2em&#8221; text_orientation=&#8221;center&#8221; custom_margin=&#8221;||0px||false|false&#8221; header_2_text_align_last_edited=&#8221;off|phone&#8221; header_2_font_size_tablet=&#8221;32px&#8221; header_2_font_size_phone=&#8221;26px&#8221; header_2_font_size_last_edited=&#8221;on|tablet&#8221; global_colors_info=&#8221;{}&#8221;]<\/p>\n<h2>Nola &#8211; Le Mouvement de l\u2019\u00catre<\/h2>\n<p>[\/et_pb_text][\/et_pb_column][\/et_pb_row][et_pb_row column_structure=&#8221;1_2,1_2&#8243; _builder_version=&#8221;4.17.1&#8243; _module_preset=&#8221;default&#8221; global_colors_info=&#8221;{}&#8221;][et_pb_column type=&#8221;1_2&#8243; _builder_version=&#8221;4.17.1&#8243; _module_preset=&#8221;default&#8221; global_colors_info=&#8221;{}&#8221;][et_pb_text _builder_version=&#8221;4.27.4&#8243; _module_preset=&#8221;1f09816e-184e-4ce5-a4cf-b39c52c423ca&#8221; text_font=&#8221;Playfair Display||||||||&#8221; text_text_color=&#8221;#f9f6f2&#8243; text_font_size=&#8221;18px&#8221; text_line_height=&#8221;1.8em&#8221; text_font_size_tablet=&#8221;16px&#8221; text_font_size_phone=&#8221;14px&#8221; text_font_size_last_edited=&#8221;on|tablet&#8221; header_font_size_tablet=&#8221;55px&#8221; header_font_size_last_edited=&#8221;off|desktop&#8221; global_colors_info=&#8221;{}&#8221;]<\/p>\n<p style=\"text-align: justify;\">J&#8217;ai cr\u00e9\u00e9 Nola &#8211; Mouvement de l&#8217;\u00catre comme une \u00e9vidence, car pour moi, tout est mouvement : de l&#8217;interne vers l&#8217;externe et vice-versa. Le mouvement est source vitale, cycle, \u00e9volution, transformation.<\/p>\n<p>[\/et_pb_text][\/et_pb_column][et_pb_column type=&#8221;1_2&#8243; _builder_version=&#8221;4.17.1&#8243; _module_preset=&#8221;default&#8221; global_colors_info=&#8221;{}&#8221;][et_pb_text _builder_version=&#8221;4.27.4&#8243; _module_preset=&#8221;1f09816e-184e-4ce5-a4cf-b39c52c423ca&#8221; text_font=&#8221;Playfair Display||||||||&#8221; text_text_color=&#8221;#f9f6f2&#8243; text_font_size=&#8221;18px&#8221; text_line_height=&#8221;1.8em&#8221; text_font_size_tablet=&#8221;16px&#8221; text_font_size_phone=&#8221;14px&#8221; text_font_size_last_edited=&#8221;on|tablet&#8221; header_font_size_tablet=&#8221;55px&#8221; header_font_size_last_edited=&#8221;off|desktop&#8221; locked=&#8221;off&#8221; global_colors_info=&#8221;{}&#8221;]<\/p>\n<p style=\"text-align: justify;\">Anim\u00e9e par une qu\u00eate constante de compr\u00e9hension de l&#8217;\u00eatre, je me forme sans cesse \u00e0 de nouveaux outils pour affiner mon approche.<br \/>Mon engagement est d&#8217;accompagner chacun sur un chemin vers plus de s\u00e9r\u00e9nit\u00e9, d&#8217;\u00e9quilibre et de connexion \u00e0 soi , gr\u00e2ce \u00e0 une approche holistique et personnalis\u00e9e .<\/p>\n<p>[\/et_pb_text][\/et_pb_column][\/et_pb_row][\/et_pb_section][et_pb_section fb_built=&#8221;1&#8243; admin_label=&#8221;Call to Action&#8221; _builder_version=&#8221;4.27.4&#8243; _module_preset=&#8221;default&#8221; background_color=&#8221;#f9f6f2&#8243; custom_padding=&#8221;0px||||false|false&#8221; collapsed=&#8221;on&#8221; global_colors_info=&#8221;{}&#8221;][et_pb_row column_structure=&#8221;1_2,1_2&#8243; make_equal=&#8221;on&#8221; _builder_version=&#8221;4.17.3&#8243; _module_preset=&#8221;default&#8221; custom_padding=&#8221;0px||||false|false&#8221; global_colors_info=&#8221;{}&#8221;][et_pb_column type=&#8221;1_2&#8243; _builder_version=&#8221;4.17.1&#8243; _module_preset=&#8221;default&#8221; global_colors_info=&#8221;{}&#8221;][et_pb_image src=&#8221;http:\/\/nolamassage.fr\/wp-content\/uploads\/2025\/04\/portait2-scaled.jpg&#8221; title_text=&#8221;portait2&#8243; _builder_version=&#8221;4.27.4&#8243; _module_preset=&#8221;default&#8221; custom_margin=&#8221;|||-20vw|false|false&#8221; border_radii=&#8221;off|||600px|&#8221; global_colors_info=&#8221;{}&#8221;][\/et_pb_image][et_pb_button url_new_window=&#8221;on&#8221; button_text=&#8221;Contact&#8221; button_alignment=&#8221;left&#8221; _builder_version=&#8221;4.27.4&#8243; _module_preset=&#8221;31b4f027-aaa0-4f2f-ae02-959764e19e4f&#8221; custom_button=&#8221;on&#8221; button_text_size=&#8221;16px&#8221; button_text_color=&#8221;#6cc5af&#8221; button_bg_color=&#8221;#f9f6f2&#8243; button_border_width=&#8221;1px&#8221; button_border_color=&#8221;#6cc5af&#8221; button_border_radius=&#8221;50px&#8221; button_font=&#8221;Playfair Display|600|||||||&#8221; custom_padding=&#8221;20px|40px|20px|40px|true|true&#8221; locked=&#8221;off&#8221; global_colors_info=&#8221;{}&#8221;][\/et_pb_button][\/et_pb_column][et_pb_column type=&#8221;1_2&#8243; _builder_version=&#8221;4.17.3&#8243; _module_preset=&#8221;default&#8221; custom_padding=&#8221;5vw||||false|false&#8221; global_colors_info=&#8221;{}&#8221;][et_pb_text _builder_version=&#8221;4.27.4&#8243; _module_preset=&#8221;b327cbe4-b1d5-4b66-ad37-40c8f2f061ba&#8221; header_2_font=&#8221;Playfair Display|700|||||||&#8221; header_2_text_color=&#8221;#6cc5af&#8221; header_2_font_size=&#8221;60px&#8221; header_2_line_height=&#8221;1.2em&#8221; custom_margin=&#8221;||0px||false|false&#8221; header_2_font_size_tablet=&#8221;32px&#8221; header_2_font_size_phone=&#8221;26px&#8221; header_2_font_size_last_edited=&#8221;on|tablet&#8221; global_colors_info=&#8221;{}&#8221;]<\/p>\n<h2>Mon Parcours<\/h2>\n<p>[\/et_pb_text][et_pb_text _builder_version=&#8221;4.27.4&#8243; _module_preset=&#8221;1f09816e-184e-4ce5-a4cf-b39c52c423ca&#8221; text_font=&#8221;Playfair Display||||||||&#8221; text_text_color=&#8221;#868988&#8243; text_font_size=&#8221;18px&#8221; text_line_height=&#8221;1.8em&#8221; link_font=&#8221;||||on||||&#8221; link_text_color=&#8221;#6cc5af&#8221; text_orientation=&#8221;justified&#8221; hover_enabled=&#8221;0&#8243; text_font_size_tablet=&#8221;16px&#8221; text_font_size_phone=&#8221;14px&#8221; text_font_size_last_edited=&#8221;on|tablet&#8221; header_font_size_tablet=&#8221;55px&#8221; header_font_size_last_edited=&#8221;off|desktop&#8221; global_colors_info=&#8221;{}&#8221; sticky_enabled=&#8221;0&#8243;]<\/p>\n<p>En 2006, j&#8217;ai d\u00e9but\u00e9 ma formation en massage aupr\u00e8s de <a href=\"https:\/\/www.renatopappalardo.com\/\" target=\"_blank\" rel=\"noopener\">Renato Pappalardo<\/a> , une r\u00e9f\u00e9rence dans la science du toucher. Parall\u00e8lement, j&#8217;ai poursuivi mon parcours de danseuse en me formant au Studio Harmonic \u00e0 Paris, puis \u00e0 l&#8217;\u00e9cole Anne-Marie Porras \u00e0 Montpellier.<\/p>\n<p>J&#8217;ai ensuite \u00e9volu\u00e9 comme danseuse et chor\u00e9graphe professionnelle dans le milieu de la danse contemporaine, notamment au sein de la compagnie Sisyphe Heureux \u00e0 Champigny-sur-Marne.<\/p>\n<p>En 2015, apr\u00e8s un voyage initiatique en Am\u00e9rique du Nord, je m&#8217;installe \u00e0 Marseille, o\u00f9 j&#8217;obtiens mon Dipl\u00f4me d&#8217;\u00c9tat d&#8217;enseignement de la danse contemporaine. C&#8217;est \u00e9galement \u00e0 cette p\u00e9riode que je commence \u00e0 structurer mon activit\u00e9 de massage de mani\u00e8re plus officielle.<\/p>\n<p>En 2016, je pars en Inde pour approfondir mes connaissances en Ayurv\u00e9da, marmath\u00e9rapie et Niramaya Massage, sous la guidance du Dr Sankar, dans le Kerala . Ces techniques ancestrales viennent enrichir mon approche holistique du soin.<\/p>\n<p>Mon exp\u00e9rience s&#8217;est consolid\u00e9e gr\u00e2ce \u00e0 mon travail dans un spa de luxe \u00e0 Cassis, tout en d\u00e9veloppant ma client\u00e8le au Centre I\u00d2 \u00e0 Marseille. Ces ann\u00e9es de pratique m&#8217;ont permis d&#8217;affiner mon \u00e9coute et d&#8217;offrir des soins sur-mesure, adapt\u00e9s aux besoins de chacun.<\/p>\n<p>Depuis 2016, j&#8217;enseigne la danse contemporaine, ainsi que des pratiques d&#8217;\u00e9tirement et de renforcement musculaire au sol, alliant mouvement et bien-\u00eatre.<\/p>\n<p>[\/et_pb_text][et_pb_text _builder_version=&#8221;4.27.4&#8243; _module_preset=&#8221;1f09816e-184e-4ce5-a4cf-b39c52c423ca&#8221; text_font=&#8221;Playfair Display||||||||&#8221; text_text_color=&#8221;#868988&#8243; text_font_size=&#8221;18px&#8221; text_line_height=&#8221;1.8em&#8221; link_font=&#8221;||||on||||&#8221; link_text_color=&#8221;#6cc5af&#8221; text_orientation=&#8221;justified&#8221; hover_enabled=&#8221;0&#8243; text_font_size_tablet=&#8221;16px&#8221; text_font_size_phone=&#8221;14px&#8221; text_font_size_last_edited=&#8221;on|tablet&#8221; header_font_size_tablet=&#8221;55px&#8221; header_font_size_last_edited=&#8221;off|desktop&#8221; locked=&#8221;off&#8221; global_colors_info=&#8221;{}&#8221; sticky_enabled=&#8221;0&#8243;]<\/p>\n<p>Depuis 2023, j&#8217;oriente mon approche vers le psycho-corporel, en approfondissant les enseignements de <a href=\"https:\/\/www.renatopappalardo.com\/\" target=\"_blank\" rel=\"noopener\">Renato Pappalardo<\/a> (<a href=\"https:\/\/www.lavoiedutoucher.com\/\" target=\"_blank\" rel=\"noopener\">La Voie du Toucher<\/a>) et en me formant \u00e0 la m\u00e9decine int\u00e9grative aupr\u00e8s de mon p\u00e8re, le <a href=\"https:\/\/www.biosynergiemedicale.com\/\" target=\"_blank\" rel=\"noopener\">Dr Bernard Lambert<\/a>, sp\u00e9cialiste en ost\u00e9opathie \u00e9nerg\u00e9tique et vocale. Fond\u00e9e sur la r\u00e9sonance vocale et l&#8217;\u00e9nergie du souffle, cette approche unique ouvre une nouvelle dimension dans l&#8217;accompagnement du corps. Depuis pr\u00e8s de deux ans, j&#8217;ai le privil\u00e8ge de l&#8217;assister dans ses consultations, affinant ainsi mes comp\u00e9tences.<\/p>\n<p>Actuellement, je poursuis des \u00e9tudes en <a href=\"https:\/\/medecine-integree.com\/\" target=\"_blank\" rel=\"noopener\">m\u00e9decine int\u00e9gr\u00e9e<\/a> aupr\u00e8s de Jean-Yves Henry, affinant mes connaissances scientifiques pour mieux comprendre les pathologies et d\u00e9velopper de nouveaux outils d&#8217;accompagnement, notamment en hom\u00e9opathie et phytoth\u00e9rapie. Je viens \u00e9galement de finaliser ma certification en <a href=\"https:\/\/microimmuno.fr\/\" target=\"_blank\" rel=\"noopener\">Micro-Immunoth\u00e9rapie<\/a>.<\/p>\n<p>[\/et_pb_text][\/et_pb_column][\/et_pb_row][\/et_pb_section][et_pb_section fb_built=&#8221;1&#8243; admin_label=&#8221;Approach&#8221; _builder_version=&#8221;4.27.4&#8243; _module_preset=&#8221;default&#8221; background_color=&#8221;#82bdad&#8221; custom_padding=&#8221;156px||156px||true|false&#8221; top_divider_style=&#8221;wave2&#8243; top_divider_color=&#8221;#f9f6f2&#8243; bottom_divider_style=&#8221;wave2&#8243; bottom_divider_color=&#8221;#f9f6f2&#8243; locked=&#8221;off&#8221; collapsed=&#8221;on&#8221; global_colors_info=&#8221;{}&#8221;][et_pb_row _builder_version=&#8221;4.17.1&#8243; _module_preset=&#8221;default&#8221; global_colors_info=&#8221;{}&#8221;][et_pb_column type=&#8221;4_4&#8243; _builder_version=&#8221;4.17.1&#8243; _module_preset=&#8221;default&#8221; global_colors_info=&#8221;{}&#8221;][et_pb_text _builder_version=&#8221;4.27.4&#8243; _module_preset=&#8221;b327cbe4-b1d5-4b66-ad37-40c8f2f061ba&#8221; header_2_font=&#8221;Lato|700|||||||&#8221; header_2_text_color=&#8221;#f9f6f2&#8243; header_2_font_size=&#8221;33px&#8221; header_2_line_height=&#8221;1.2em&#8221; text_orientation=&#8221;center&#8221; custom_margin=&#8221;||0px||false|false&#8221; header_2_text_align_last_edited=&#8221;off|phone&#8221; header_2_font_size_tablet=&#8221;32px&#8221; header_2_font_size_phone=&#8221;26px&#8221; header_2_font_size_last_edited=&#8221;on|tablet&#8221; global_colors_info=&#8221;{}&#8221;]<\/p>\n<h2>Je vous re\u00e7ois aujourd&#8217;hui dans deux espaces d\u00e9di\u00e9s :<\/h2>\n<p>[\/et_pb_text][\/et_pb_column][\/et_pb_row][et_pb_row column_structure=&#8221;1_2,1_2&#8243; _builder_version=&#8221;4.27.4&#8243; _module_preset=&#8221;default&#8221; global_colors_info=&#8221;{}&#8221;][et_pb_column type=&#8221;1_2&#8243; _builder_version=&#8221;4.27.4&#8243; _module_preset=&#8221;default&#8221; link_option_url=&#8221;https:\/\/www.jesuisio.com\/&#8221; link_option_url_new_window=&#8221;on&#8221; global_colors_info=&#8221;{}&#8221;][et_pb_image src=&#8221;http:\/\/nolamassage.fr\/wp-content\/uploads\/2025\/04\/LIEU_IO.jpg&#8221; title_text=&#8221;LIEU_IO&#8221; align=&#8221;center&#8221; _builder_version=&#8221;4.27.4&#8243; _module_preset=&#8221;default&#8221; width=&#8221;75%&#8221; custom_margin=&#8221;||||false|false&#8221; custom_padding=&#8221;65px||||false|false&#8221; border_radii=&#8221;on|584px|584px|584px|584px&#8221; global_colors_info=&#8221;{}&#8221;][\/et_pb_image][et_pb_text _builder_version=&#8221;4.27.4&#8243; _module_preset=&#8221;1f09816e-184e-4ce5-a4cf-b39c52c423ca&#8221; text_font=&#8221;Playfair Display||||||||&#8221; text_text_color=&#8221;#f9f6f2&#8243; text_font_size=&#8221;26px&#8221; text_line_height=&#8221;1.8em&#8221; header_4_text_align=&#8221;center&#8221; header_4_text_color=&#8221;#FFFFFF&#8221; header_4_font_size=&#8221;38px&#8221; text_orientation=&#8221;center&#8221; text_font_size_tablet=&#8221;16px&#8221; text_font_size_phone=&#8221;14px&#8221; text_font_size_last_edited=&#8221;on|tablet&#8221; header_font_size_tablet=&#8221;55px&#8221; header_font_size_last_edited=&#8221;off|desktop&#8221; global_colors_info=&#8221;{}&#8221;]<\/p>\n<ul>\n<li>\n<h4>Le Centre I\u00d2 \u00e0 Marseille<\/h4>\n<\/li>\n<\/ul>\n<p><span>Centre I\u00d2, <\/span>77 cours Pierre Puget, 13006 Marseille<\/p>\n<p>[\/et_pb_text][\/et_pb_column][et_pb_column type=&#8221;1_2&#8243; _builder_version=&#8221;4.17.1&#8243; _module_preset=&#8221;default&#8221; global_colors_info=&#8221;{}&#8221;][et_pb_image src=&#8221;http:\/\/nolamassage.fr\/wp-content\/uploads\/2025\/04\/LIEU_cabinet_NANTES-scaled.jpg&#8221; title_text=&#8221;LIEU_cabinet_NANTES&#8221; align=&#8221;center&#8221; _builder_version=&#8221;4.27.4&#8243; _module_preset=&#8221;default&#8221; width=&#8221;75%&#8221; custom_margin=&#8221;||||false|false&#8221; custom_padding=&#8221;53px||||false|false&#8221; border_radii=&#8221;on|584px|584px|584px|584px&#8221; global_colors_info=&#8221;{}&#8221;][\/et_pb_image][et_pb_text _builder_version=&#8221;4.27.4&#8243; _module_preset=&#8221;1f09816e-184e-4ce5-a4cf-b39c52c423ca&#8221; text_font=&#8221;Playfair Display||||||||&#8221; text_text_color=&#8221;#f9f6f2&#8243; text_font_size=&#8221;26px&#8221; text_line_height=&#8221;1.8em&#8221; header_4_text_align=&#8221;center&#8221; header_4_text_color=&#8221;#FFFFFF&#8221; header_4_font_size=&#8221;38px&#8221; text_orientation=&#8221;center&#8221; text_font_size_tablet=&#8221;16px&#8221; text_font_size_phone=&#8221;14px&#8221; text_font_size_last_edited=&#8221;on|tablet&#8221; global_colors_info=&#8221;{}&#8221;]<\/p>\n<ul>\n<li>\n<h4>Le cabinet du Dr Lambert \u00e0 Nantes<\/h4>\n<\/li>\n<\/ul>\n<p><span>cabinet du Dr Lambert, <\/span>4 rue Santeuil, 44000 Nantes<\/p>\n<p>[\/et_pb_text][\/et_pb_column][\/et_pb_row][\/et_pb_section]<\/p>\n","protected":false},"excerpt":{"rendered":"<p>Qui suis je ?Je suis accompagnante psycho-corporelleMaman d&#8217;un petit gar\u00e7on de 2 ans, je suis accompagnante psycho-corporelle , sp\u00e9cialis\u00e9e en massage et sant\u00e9 . Depuis toujours, le mouvement est au c\u0153ur de ma vie. Danseuse depuis mon plus jeune \u00e2ge , il est mon ancrage, ma raison d&#8217;\u00eatre. Ce qui me porte avant tout, c&#8217;est [&hellip;]<\/p>\n","protected":false},"author":1,"featured_media":0,"parent":0,"menu_order":0,"comment_status":"closed","ping_status":"closed","template":"","meta":{"_et_pb_use_builder":"on","_et_pb_old_content":"","_et_gb_content_width":"","footnotes":""},"class_list":["post-187","page","type-page","status-publish","hentry"],"_links":{"self":[{"href":"https:\/\/nolamassage.fr\/index.php\/wp-json\/wp\/v2\/pages\/187","targetHints":{"allow":["GET"]}}],"collection":[{"href":"https:\/\/nolamassage.fr\/index.php\/wp-json\/wp\/v2\/pages"}],"about":[{"href":"https:\/\/nolamassage.fr\/index.php\/wp-json\/wp\/v2\/types\/page"}],"author":[{"embeddable":true,"href":"https:\/\/nolamassage.fr\/index.php\/wp-json\/wp\/v2\/users\/1"}],"replies":[{"embeddable":true,"href":"https:\/\/nolamassage.fr\/index.php\/wp-json\/wp\/v2\/comments?post=187"}],"version-history":[{"count":69,"href":"https:\/\/nolamassage.fr\/index.php\/wp-json\/wp\/v2\/pages\/187\/revisions"}],"predecessor-version":[{"id":804,"href":"https:\/\/nolamassage.fr\/index.php\/wp-json\/wp\/v2\/pages\/187\/revisions\/804"}],"wp:attachment":[{"href":"https:\/\/nolamassage.fr\/index.php\/wp-json\/wp\/v2\/media?parent=187"}],"curies":[{"name":"wp","href":"https:\/\/api.w.org\/{rel}","templated":true}]}}